{"id":25,"date":"2018-10-12T17:03:32","date_gmt":"2018-10-12T15:03:32","guid":{"rendered":"http:\/\/buchbarblog.podcaster.de\/?page_id=25"},"modified":"2021-01-27T08:57:06","modified_gmt":"2021-01-27T07:57:06","slug":"ueber-mich","status":"publish","type":"page","link":"https:\/\/buchbarblog.podcaster.de\/?page_id=25","title":{"rendered":"Ich bins. Anna"},"content":{"rendered":"<p>Herzlich willkommen im BuchBarBlog.<\/p>\n<p>Ich bin <a href=\"https:\/\/www.facebook.com\/AnnaTefertStimme\">Anna<\/a> und bin die Stimme hinter der BuchBar.&nbsp; Im Jahr 2018 ist meine BuchBar entstanden. Das Ziel: H\u00f6rb\u00fccher sprechen. Das wollte ich schon immer machen und dann&nbsp; hab ich es einfach getan.<\/p>\n<p>Ich m\u00f6chte Selfpublishern, also an Autoren, die ihr Buch in Eigenregie auf den Markt bringen, die M\u00f6glichkeit geben, ihr Buch auch als H\u00f6rbuch zu ver\u00f6ffentlichen. Ich halte die Kosten f\u00fcr euch so gering wie m\u00f6glich.<\/p>\n<p>Du m\u00f6chtest Werbung f\u00fcr Dich als Autor machen, Dein Budget ist aber begrenzt und so ein ganzes H\u00f6rbuch ist einfach nicht drin? Dann ist das vielleicht etwas f\u00fcr Dich: Schreib eine Kurzgeschichte! Ich vertone sie und sie erscheint in den PodcastKan\u00e4len der BuchBar, immer und dauerhaft mit Verlinkung auf Deine Autorenseite, inklusive Werbung auf meinen social media-Kan\u00e4len.<\/p>\n<p>Verlage sind nat\u00fcrlich auch herzlich willkommen. F\u00fcr sie gelten andere Konditionen.<\/p>\n<p>H\u00f6rb\u00fccher aus der BuchBar sind handmade. Infos zu den Preisen gibt es auf meiner Homepage: <a href=\"https:\/\/hoerbuchbar.de\/\">H\u00f6rbuchbar.de<\/a><\/p>\n<p>In ihrem Ursprung ist die BuchBar als Podcast gestartet und in den BuchBarPodcastKan\u00e4len gibt es auch immer wieder neue H\u00f6rproben und H\u00f6rb\u00fccher in Podcastfolgen.&nbsp; Die BuchBar ist \u00fcberall aufgestellt. Hier im Blog, aber auch bei <a href=\"https:\/\/www.facebook.com\/BuchBarHoerbuch\/\">Facebook<\/a> und <a href=\"https:\/\/www.instagram.com\/buchbar.deinhoerbuch\/?hl=de\">Instagram<\/a>. Zu h\u00f6ren&nbsp; in den g\u00e4ngigen und bekannten PodcastApps, bei <a href=\"https:\/\/open.spotify.com\/show\/5XZ5kGHJoE3TzqVmGTlmNm\">Spotify<\/a> , bei <a href=\"https:\/\/podcasts.apple.com\/de\/podcast\/buchbar-dein-h%C3%B6rbuch\/id1474266718\">iTunes<\/a> und <a href=\"https:\/\/www.youtube.com\/channel\/UCk40t2yS8WGfIIM-Kdzy6Ww\">Youtube<\/a>. Aber auch in vielen anderen Apps.<\/p>\n<p>Hier im BuchBarBlog blogge ich \u00fcber meine aktuellen Projekte; ein bisschen \u00fcber meinen Alltag zwischen Radio, H\u00f6rbuch, Hund, M\u00e4rchenzoo und dem Leben im Allgemeinen.<\/p>\n<p>Ein bisschen zu mir:&nbsp; Ich bin 1980 geboren und mag mein aktuelles Alter immer sehr gerne. Ich habe unfassbar gerne Geburtstag. Zusammen mit meinem Ehemann und unserem&nbsp; <a href=\"https:\/\/de-de.facebook.com\/DasEmilTier\/\">Hund&nbsp; <\/a>&#8222;Emil&#8220; lebe ich in Heiligenhaus (Kreis Mettmann). Seit \u00fcber 20 Jahren bin ich Radiofrau. Ich bin die Nachrichtenfrau-am-Morgen bei <a href=\"http:\/\/www.radioneandertal.de\">Radio Neandertal <\/a>, habe in den vergangenen 20 Jahren aber auch f\u00fcr einige andere Radiosender gearbeitet und \u00fcbernehme hier und da etwas Pressearbeit. Zudem bin ich die M\u00e4rchenstimme des <a href=\"http:\/\/www.maerchenzoo.de\/\">M\u00e4rchenzoos Ratingen :&nbsp;<\/a> Prinzessin, Hexe oder Ziege &#8211; kurz auf den Buzzer gedr\u00fcckt und ich schalle durch den Wald.<\/p>\n<p>Mit dem H\u00f6rbuchsprechen mache ich das, was ich schon so so viele Jahre machen m\u00f6chte. Und ich freue mich riesig, bald Deinem Projekt meine Stimme zu leihen.<\/p>\n","protected":false},"excerpt":{"rendered":"<p>Herzlich willkommen im BuchBarBlog. Ich bin Anna und bin die Stimme hinter der BuchBar.&nbsp; Im Jahr 2018 ist meine BuchBar entstanden. Das Ziel: H\u00f6rb\u00fccher sprechen. Das wollte ich schon immer machen und dann&nbsp; hab ich es einfach getan. Ich m\u00f6chte Selfpublishern, also an Autoren, die ihr Buch in Eigenregie auf den Markt bringen, die M\u00f6glichkeit &hellip; <a href=\"https:\/\/buchbarblog.podcaster.de\/?page_id=25\" class=\"more-link\"><span class=\"screen-reader-text\">Ich bins. Anna<\/span> weiterlesen <span class=\"meta-nav\">&rarr;<\/span><\/a><\/p>\n","protected":false},"author":2876,"featured_media":0,"parent":0,"menu_order":0,"comment_status":"closed","ping_status":"closed","template":"","meta":{"jetpack_post_was_ever_published":false,"enclosure":"","podcast_author":"","podcast_copyright":"","podcast_website":"","podcast_logo":"","footnotes":""},"class_list":["post-25","page","type-page","status-publish","hentry"],"jetpack_sharing_enabled":true,"jetpack_shortlink":"https:\/\/wp.me\/PaoeKE-p","jetpack-related-posts":[],"_links":{"self":[{"href":"https:\/\/buchbarblog.podcaster.de\/index.php?rest_route=\/wp\/v2\/pages\/25","targetHints":{"allow":["GET"]}}],"collection":[{"href":"https:\/\/buchbarblog.podcaster.de\/index.php?rest_route=\/wp\/v2\/pages"}],"about":[{"href":"https:\/\/buchbarblog.podcaster.de\/index.php?rest_route=\/wp\/v2\/types\/page"}],"author":[{"embeddable":true,"href":"https:\/\/buchbarblog.podcaster.de\/index.php?rest_route=\/wp\/v2\/users\/2876"}],"replies":[{"embeddable":true,"href":"https:\/\/buchbarblog.podcaster.de\/index.php?rest_route=%2Fwp%2Fv2%2Fcomments&post=25"}],"version-history":[{"count":11,"href":"https:\/\/buchbarblog.podcaster.de\/index.php?rest_route=\/wp\/v2\/pages\/25\/revisions"}],"predecessor-version":[{"id":904,"href":"https:\/\/buchbarblog.podcaster.de\/index.php?rest_route=\/wp\/v2\/pages\/25\/revisions\/904"}],"wp:attachment":[{"href":"https:\/\/buchbarblog.podcaster.de\/index.php?rest_route=%2Fwp%2Fv2%2Fmedia&parent=25"}],"curies":[{"name":"wp","href":"https:\/\/api.w.org\/{rel}","templated":true}]}}