{"id":382,"date":"2019-07-16T21:00:32","date_gmt":"2019-07-16T19:00:32","guid":{"rendered":"https:\/\/buchbarblog.podcaster.de\/?page_id=382"},"modified":"2025-03-26T14:55:04","modified_gmt":"2025-03-26T13:55:04","slug":"buchbar-derpodcast","status":"publish","type":"page","link":"https:\/\/buchbarblog.podcaster.de\/?page_id=382","title":{"rendered":"Das BuchBarCaf\u00e9 von Anna Tefert"},"content":{"rendered":"<p>Kommt rein und macht es Euch gem\u00fctlich in meinem virtuellen BuchBarCaf\u00e9. Ich bin Anna, freu mich, dass Du da bist. Ich bin H\u00f6rbuchsprecherin und lade euch ein, ein bisschen in meinem BuchBarCaf\u00e9 zu verweilen. Macht es euch gem\u00fctlich und h\u00f6rt B\u00fccher, Kurzgeschichten, Leseproben und Talks mit Autoren. <\/p>\n<p>DasBuchBarCaf\u00e9 ist nicht gesponsert, darum freue ich mich \u00fcber ein Trinkgeld: https:\/\/ko-fi.com\/annatefert_buchbarcafe<\/p>\n<p>Hier lernt ihr mich kennen:<br \/>\nInstagram: @ichbins.anna<br \/>\nFacebook: @AnnaTefertStimme<br \/>\nim Netz: https:\/\/hoerbuchbar.de<\/p>\n<p> Genie\u00df Deine Zeit im BuchBarCaf\u00e9. Anna<\/p>\n","protected":false},"excerpt":{"rendered":"<p>Kommt rein und macht es Euch gem\u00fctlich in meinem virtuellen BuchBarCaf\u00e9. Ich bin Anna, freu mich, dass Du da bist. Ich bin H\u00f6rbuchsprecherin und lade euch ein, ein bisschen in meinem BuchBarCaf\u00e9 zu verweilen. Macht es euch gem\u00fctlich und h\u00f6rt B\u00fccher, Kurzgeschichten, Leseproben und Talks mit Autoren. DasBuchBarCaf\u00e9 ist nicht gesponsert, darum freue ich mich &hellip; <a href=\"https:\/\/buchbarblog.podcaster.de\/?page_id=382\" class=\"more-link\"><span class=\"screen-reader-text\">Das BuchBarCaf\u00e9 von Anna Tefert<\/span> weiterlesen <span class=\"meta-nav\">&rarr;<\/span><\/a><\/p>\n","protected":false},"author":2876,"featured_media":0,"parent":1004,"menu_order":0,"comment_status":"closed","ping_status":"closed","template":"podcast.php","meta":{"jetpack_post_was_ever_published":false,"enclosure":"","podcast_author":"","podcast_copyright":"","podcast_website":"","podcast_logo":"","footnotes":""},"class_list":["post-382","page","type-page","status-publish","hentry"],"jetpack_sharing_enabled":true,"jetpack_shortlink":"https:\/\/wp.me\/PaoeKE-6a","jetpack-related-posts":[],"_links":{"self":[{"href":"https:\/\/buchbarblog.podcaster.de\/index.php?rest_route=\/wp\/v2\/pages\/382","targetHints":{"allow":["GET"]}}],"collection":[{"href":"https:\/\/buchbarblog.podcaster.de\/index.php?rest_route=\/wp\/v2\/pages"}],"about":[{"href":"https:\/\/buchbarblog.podcaster.de\/index.php?rest_route=\/wp\/v2\/types\/page"}],"author":[{"embeddable":true,"href":"https:\/\/buchbarblog.podcaster.de\/index.php?rest_route=\/wp\/v2\/users\/2876"}],"replies":[{"embeddable":true,"href":"https:\/\/buchbarblog.podcaster.de\/index.php?rest_route=%2Fwp%2Fv2%2Fcomments&post=382"}],"version-history":[{"count":12,"href":"https:\/\/buchbarblog.podcaster.de\/index.php?rest_route=\/wp\/v2\/pages\/382\/revisions"}],"predecessor-version":[{"id":1246,"href":"https:\/\/buchbarblog.podcaster.de\/index.php?rest_route=\/wp\/v2\/pages\/382\/revisions\/1246"}],"up":[{"embeddable":true,"href":"https:\/\/buchbarblog.podcaster.de\/index.php?rest_route=\/wp\/v2\/pages\/1004"}],"wp:attachment":[{"href":"https:\/\/buchbarblog.podcaster.de\/index.php?rest_route=%2Fwp%2Fv2%2Fmedia&parent=382"}],"curies":[{"name":"wp","href":"https:\/\/api.w.org\/{rel}","templated":true}]}}